{"id":2,"date":"2021-09-08T20:06:58","date_gmt":"2021-09-08T20:06:58","guid":{"rendered":"http:\/\/pasit-thaimassage.de\/?page_id=2"},"modified":"2025-11-30T17:35:34","modified_gmt":"2025-11-30T17:35:34","slug":"sample-page","status":"publish","type":"page","link":"https:\/\/pasit-thaimassage.de\/?page_id=2","title":{"rendered":"Galerie \/ \u00dcber uns"},"content":{"rendered":"\t\t<div data-elementor-type=\"wp-page\" data-elementor-id=\"2\" class=\"elementor elementor-2\">\n\t\t\t\t\t\t<section class=\"elementor-section elementor-top-section elementor-element elementor-element-d56f9da elementor-section-boxed elementor-section-height-default elementor-section-height-default\" data-id=\"d56f9da\" data-element_type=\"section\">\n\t\t\t\t\t\t<div class=\"elementor-container elementor-column-gap-default\">\n\t\t\t\t\t<div class=\"elementor-column elementor-col-100 elementor-top-column elementor-element elementor-element-9ebc80b\" data-id=\"9ebc80b\" data-element_type=\"column\">\n\t\t\t<div class=\"elementor-widget-wrap elementor-element-populated\">\n\t\t\t\t\t\t<div class=\"elementor-element elementor-element-b5824bf elementor-widget elementor-widget-text-editor\" data-id=\"b5824bf\" data-element_type=\"widget\" data-widget_type=\"text-editor.default\">\n\t\t\t\t<div class=\"elementor-widget-container\">\n\t\t\t\t\t\t\t\t\t<p>Unsere Masseurinnen haben ihr Handwerk in anerkannten Schulen wie z.B. Wat Pho in Bangkok gelernt, der bekanntesten Massageschule Thailands.<\/p><p>Alle verf\u00fcgen \u00fcber langj\u00e4hrige Erfahrung, und Weiterbildung wird nat\u00fcrlich ebenfalls Gro\u00df geschrieben.<\/p>\t\t\t\t\t\t\t\t<\/div>\n\t\t\t\t<\/div>\n\t\t\t\t\t<\/div>\n\t\t<\/div>\n\t\t\t\t\t<\/div>\n\t\t<\/section>\n\t\t\t\t<section class=\"elementor-section elementor-top-section elementor-element elementor-element-0666b7e elementor-section-boxed elementor-section-height-default elementor-section-height-default\" data-id=\"0666b7e\" data-element_type=\"section\">\n\t\t\t\t\t\t<div class=\"elementor-container elementor-column-gap-default\">\n\t\t\t\t\t<div class=\"elementor-column elementor-col-100 elementor-top-column elementor-element elementor-element-8c2c5f5\" data-id=\"8c2c5f5\" data-element_type=\"column\">\n\t\t\t<div class=\"elementor-widget-wrap elementor-element-populated\">\n\t\t\t\t\t\t<div class=\"elementor-element elementor-element-5cd699a elementor-widget elementor-widget-text-editor\" data-id=\"5cd699a\" data-element_type=\"widget\" data-widget_type=\"text-editor.default\">\n\t\t\t\t<div class=\"elementor-widget-container\">\n\t\t\t\t\t\t\t\t\t<p>Und hier eine kleine Galerie von unseren R\u00e4umlichkeiten:<\/p>\t\t\t\t\t\t\t\t<\/div>\n\t\t\t\t<\/div>\n\t\t\t\t\t<\/div>\n\t\t<\/div>\n\t\t\t\t\t<\/div>\n\t\t<\/section>\n\t\t\t\t<section class=\"elementor-section elementor-top-section elementor-element elementor-element-ded95b5 elementor-section-boxed elementor-section-height-default elementor-section-height-default\" data-id=\"ded95b5\" data-element_type=\"section\">\n\t\t\t\t\t\t<div class=\"elementor-container elementor-column-gap-default\">\n\t\t\t\t\t<div class=\"elementor-column elementor-col-100 elementor-top-column elementor-element elementor-element-7782e2c\" data-id=\"7782e2c\" data-element_type=\"column\">\n\t\t\t<div class=\"elementor-widget-wrap elementor-element-populated\">\n\t\t\t\t\t\t<div class=\"elementor-element elementor-element-83f7f05 elementor-arrows-position-inside elementor-pagination-position-outside elementor-widget elementor-widget-image-carousel\" data-id=\"83f7f05\" data-element_type=\"widget\" data-settings=\"{&quot;navigation&quot;:&quot;both&quot;,&quot;autoplay&quot;:&quot;yes&quot;,&quot;pause_on_hover&quot;:&quot;yes&quot;,&quot;pause_on_interaction&quot;:&quot;yes&quot;,&quot;autoplay_speed&quot;:5000,&quot;infinite&quot;:&quot;yes&quot;,&quot;speed&quot;:500}\" data-widget_type=\"image-carousel.default\">\n\t\t\t\t<div class=\"elementor-widget-container\">\n\t\t\t\t\t\t\t<div class=\"elementor-image-carousel-wrapper swiper\" role=\"region\" aria-roledescription=\"carousel\" aria-label=\"Bild Karussell\" dir=\"ltr\">\n\t\t\t<div class=\"elementor-image-carousel swiper-wrapper\" aria-live=\"off\">\n\t\t\t\t\t\t\t\t<div class=\"swiper-slide\" role=\"group\" aria-roledescription=\"slide\" aria-label=\"1 von 16\"><a data-elementor-open-lightbox=\"yes\" data-elementor-lightbox-slideshow=\"83f7f05\" data-e-action-hash=\"#elementor-action%3Aaction%3Dlightbox%26settings%3DeyJpZCI6NzIzLCJ1cmwiOiJodHRwczpcL1wvcGFzaXQtdGhhaW1hc3NhZ2UuZGVcL3dwLWNvbnRlbnRcL3VwbG9hZHNcLzIwMjJcLzAyXC8yMDIyLTAyLTE1LTIyLTEyLTQwLTAwMjMtc2NhbGVkLmpwZyIsInNsaWRlc2hvdyI6IjgzZjdmMDUifQ%3D%3D\" href=\"https:\/\/pasit-thaimassage.de\/wp-content\/uploads\/2022\/02\/2022-02-15-22-12-40-0023-scaled.jpg\"><figure class=\"swiper-slide-inner\"><img decoding=\"async\" class=\"swiper-slide-image\" src=\"https:\/\/pasit-thaimassage.de\/wp-content\/uploads\/2022\/02\/2022-02-15-22-12-40-0023-300x200.jpg\" alt=\"OLYMPUS DIGITAL CAMERA\" \/><\/figure><\/a><\/div><div class=\"swiper-slide\" role=\"group\" aria-roledescription=\"slide\" aria-label=\"2 von 16\"><a data-elementor-open-lightbox=\"yes\" data-elementor-lightbox-slideshow=\"83f7f05\" data-e-action-hash=\"#elementor-action%3Aaction%3Dlightbox%26settings%3DeyJpZCI6NzIyLCJ1cmwiOiJodHRwczpcL1wvcGFzaXQtdGhhaW1hc3NhZ2UuZGVcL3dwLWNvbnRlbnRcL3VwbG9hZHNcLzIwMjJcLzAyXC8yMDIyLTAyLTE1LTIyLTExLTQxLTAwMjAtc2NhbGVkLmpwZyIsInNsaWRlc2hvdyI6IjgzZjdmMDUifQ%3D%3D\" href=\"https:\/\/pasit-thaimassage.de\/wp-content\/uploads\/2022\/02\/2022-02-15-22-11-41-0020-scaled.jpg\"><figure class=\"swiper-slide-inner\"><img decoding=\"async\" class=\"swiper-slide-image\" src=\"https:\/\/pasit-thaimassage.de\/wp-content\/uploads\/2022\/02\/2022-02-15-22-11-41-0020-300x200.jpg\" alt=\"OLYMPUS DIGITAL CAMERA\" \/><\/figure><\/a><\/div><div class=\"swiper-slide\" role=\"group\" aria-roledescription=\"slide\" aria-label=\"3 von 16\"><a data-elementor-open-lightbox=\"yes\" data-elementor-lightbox-slideshow=\"83f7f05\" data-e-action-hash=\"#elementor-action%3Aaction%3Dlightbox%26settings%3DeyJpZCI6NzI2LCJ1cmwiOiJodHRwczpcL1wvcGFzaXQtdGhhaW1hc3NhZ2UuZGVcL3dwLWNvbnRlbnRcL3VwbG9hZHNcLzIwMjJcLzAyXC8yMDIyLTAyLTE1LTIyLTExLTAxLTAwMThfMS1zY2FsZWQuanBnIiwic2xpZGVzaG93IjoiODNmN2YwNSJ9\" href=\"https:\/\/pasit-thaimassage.de\/wp-content\/uploads\/2022\/02\/2022-02-15-22-11-01-0018_1-scaled.jpg\"><figure class=\"swiper-slide-inner\"><img decoding=\"async\" class=\"swiper-slide-image\" src=\"https:\/\/pasit-thaimassage.de\/wp-content\/uploads\/2022\/02\/2022-02-15-22-11-01-0018_1-300x200.jpg\" alt=\"OLYMPUS DIGITAL CAMERA\" \/><\/figure><\/a><\/div><div class=\"swiper-slide\" role=\"group\" aria-roledescription=\"slide\" aria-label=\"4 von 16\"><a data-elementor-open-lightbox=\"yes\" data-elementor-lightbox-slideshow=\"83f7f05\" data-e-action-hash=\"#elementor-action%3Aaction%3Dlightbox%26settings%3DeyJpZCI6NzE5LCJ1cmwiOiJodHRwczpcL1wvcGFzaXQtdGhhaW1hc3NhZ2UuZGVcL3dwLWNvbnRlbnRcL3VwbG9hZHNcLzIwMjJcLzAyXC8yMDIyLTAyLTE1LTIyLTA4LTIxLTAwMTAtc2NhbGVkLmpwZyIsInNsaWRlc2hvdyI6IjgzZjdmMDUifQ%3D%3D\" href=\"https:\/\/pasit-thaimassage.de\/wp-content\/uploads\/2022\/02\/2022-02-15-22-08-21-0010-scaled.jpg\"><figure class=\"swiper-slide-inner\"><img decoding=\"async\" class=\"swiper-slide-image\" src=\"https:\/\/pasit-thaimassage.de\/wp-content\/uploads\/2022\/02\/2022-02-15-22-08-21-0010-300x200.jpg\" alt=\"OLYMPUS DIGITAL CAMERA\" \/><\/figure><\/a><\/div><div class=\"swiper-slide\" role=\"group\" aria-roledescription=\"slide\" aria-label=\"5 von 16\"><a data-elementor-open-lightbox=\"yes\" data-elementor-lightbox-slideshow=\"83f7f05\" data-e-action-hash=\"#elementor-action%3Aaction%3Dlightbox%26settings%3DeyJpZCI6NzI0LCJ1cmwiOiJodHRwczpcL1wvcGFzaXQtdGhhaW1hc3NhZ2UuZGVcL3dwLWNvbnRlbnRcL3VwbG9hZHNcLzIwMjJcLzAyXC8yMDIyLTAyLTE1LTIyLTEzLTI3LTAwMjUtc2NhbGVkLmpwZyIsInNsaWRlc2hvdyI6IjgzZjdmMDUifQ%3D%3D\" href=\"https:\/\/pasit-thaimassage.de\/wp-content\/uploads\/2022\/02\/2022-02-15-22-13-27-0025-scaled.jpg\"><figure class=\"swiper-slide-inner\"><img decoding=\"async\" class=\"swiper-slide-image\" src=\"https:\/\/pasit-thaimassage.de\/wp-content\/uploads\/2022\/02\/2022-02-15-22-13-27-0025-300x200.jpg\" alt=\"OLYMPUS DIGITAL CAMERA\" \/><\/figure><\/a><\/div><div class=\"swiper-slide\" role=\"group\" aria-roledescription=\"slide\" aria-label=\"6 von 16\"><a data-elementor-open-lightbox=\"yes\" data-elementor-lightbox-slideshow=\"83f7f05\" data-e-action-hash=\"#elementor-action%3Aaction%3Dlightbox%26settings%3DeyJpZCI6NzIwLCJ1cmwiOiJodHRwczpcL1wvcGFzaXQtdGhhaW1hc3NhZ2UuZGVcL3dwLWNvbnRlbnRcL3VwbG9hZHNcLzIwMjJcLzAyXC8yMDIyLTAyLTE1LTIyLTA4LTUzLTAwMTMtc2NhbGVkLmpwZyIsInNsaWRlc2hvdyI6IjgzZjdmMDUifQ%3D%3D\" href=\"https:\/\/pasit-thaimassage.de\/wp-content\/uploads\/2022\/02\/2022-02-15-22-08-53-0013-scaled.jpg\"><figure class=\"swiper-slide-inner\"><img decoding=\"async\" class=\"swiper-slide-image\" src=\"https:\/\/pasit-thaimassage.de\/wp-content\/uploads\/2022\/02\/2022-02-15-22-08-53-0013-203x300.jpg\" alt=\"OLYMPUS DIGITAL CAMERA\" \/><\/figure><\/a><\/div><div class=\"swiper-slide\" role=\"group\" aria-roledescription=\"slide\" aria-label=\"7 von 16\"><a data-elementor-open-lightbox=\"yes\" data-elementor-lightbox-slideshow=\"83f7f05\" data-e-action-hash=\"#elementor-action%3Aaction%3Dlightbox%26settings%3DeyJpZCI6OTExLCJ1cmwiOiJodHRwczpcL1wvcGFzaXQtdGhhaW1hc3NhZ2UuZGVcL3dwLWNvbnRlbnRcL3VwbG9hZHNcLzIwMjNcLzA5XC8wYTQwZWJkMS1hNDMxLTQ4NDgtYjUzMi02OGU3YzlmMDQ1MmUuanBnIiwic2xpZGVzaG93IjoiODNmN2YwNSJ9\" href=\"https:\/\/pasit-thaimassage.de\/wp-content\/uploads\/2023\/09\/0a40ebd1-a431-4848-b532-68e7c9f0452e.jpg\"><figure class=\"swiper-slide-inner\"><img decoding=\"async\" class=\"swiper-slide-image\" src=\"https:\/\/pasit-thaimassage.de\/wp-content\/uploads\/2023\/09\/0a40ebd1-a431-4848-b532-68e7c9f0452e-225x300.jpg\" alt=\"0a40ebd1-a431-4848-b532-68e7c9f0452e\" \/><\/figure><\/a><\/div><div class=\"swiper-slide\" role=\"group\" aria-roledescription=\"slide\" aria-label=\"8 von 16\"><a data-elementor-open-lightbox=\"yes\" data-elementor-lightbox-slideshow=\"83f7f05\" data-e-action-hash=\"#elementor-action%3Aaction%3Dlightbox%26settings%3DeyJpZCI6OTEyLCJ1cmwiOiJodHRwczpcL1wvcGFzaXQtdGhhaW1hc3NhZ2UuZGVcL3dwLWNvbnRlbnRcL3VwbG9hZHNcLzIwMjNcLzA5XC8zYzgzZjBlMy1iZTQ1LTQ2MzItYjYwOC05NzAzYTNkYjE4NjUuanBnIiwic2xpZGVzaG93IjoiODNmN2YwNSJ9\" href=\"https:\/\/pasit-thaimassage.de\/wp-content\/uploads\/2023\/09\/3c83f0e3-be45-4632-b608-9703a3db1865.jpg\"><figure class=\"swiper-slide-inner\"><img decoding=\"async\" class=\"swiper-slide-image\" src=\"https:\/\/pasit-thaimassage.de\/wp-content\/uploads\/2023\/09\/3c83f0e3-be45-4632-b608-9703a3db1865-225x300.jpg\" alt=\"3c83f0e3-be45-4632-b608-9703a3db1865\" \/><\/figure><\/a><\/div><div class=\"swiper-slide\" role=\"group\" aria-roledescription=\"slide\" aria-label=\"9 von 16\"><a data-elementor-open-lightbox=\"yes\" data-elementor-lightbox-slideshow=\"83f7f05\" data-e-action-hash=\"#elementor-action%3Aaction%3Dlightbox%26settings%3DeyJpZCI6OTEzLCJ1cmwiOiJodHRwczpcL1wvcGFzaXQtdGhhaW1hc3NhZ2UuZGVcL3dwLWNvbnRlbnRcL3VwbG9hZHNcLzIwMjNcLzA5XC8zZWY3MWE3Yi1hOTgyLTQzNmYtYjEzOS1mNjU2ODMzNzUxM2IuanBnIiwic2xpZGVzaG93IjoiODNmN2YwNSJ9\" href=\"https:\/\/pasit-thaimassage.de\/wp-content\/uploads\/2023\/09\/3ef71a7b-a982-436f-b139-f6568337513b.jpg\"><figure class=\"swiper-slide-inner\"><img decoding=\"async\" class=\"swiper-slide-image\" src=\"https:\/\/pasit-thaimassage.de\/wp-content\/uploads\/2023\/09\/3ef71a7b-a982-436f-b139-f6568337513b-225x300.jpg\" alt=\"3ef71a7b-a982-436f-b139-f6568337513b\" \/><\/figure><\/a><\/div><div class=\"swiper-slide\" role=\"group\" aria-roledescription=\"slide\" aria-label=\"10 von 16\"><a data-elementor-open-lightbox=\"yes\" data-elementor-lightbox-slideshow=\"83f7f05\" data-e-action-hash=\"#elementor-action%3Aaction%3Dlightbox%26settings%3DeyJpZCI6OTE0LCJ1cmwiOiJodHRwczpcL1wvcGFzaXQtdGhhaW1hc3NhZ2UuZGVcL3dwLWNvbnRlbnRcL3VwbG9hZHNcLzIwMjNcLzA5XC84MGM5NTM5Ny05NmU5LTQ5MWEtOTc1Zi1hOGY2NDU0NjZjNGYuanBnIiwic2xpZGVzaG93IjoiODNmN2YwNSJ9\" href=\"https:\/\/pasit-thaimassage.de\/wp-content\/uploads\/2023\/09\/80c95397-96e9-491a-975f-a8f645466c4f.jpg\"><figure class=\"swiper-slide-inner\"><img decoding=\"async\" class=\"swiper-slide-image\" src=\"https:\/\/pasit-thaimassage.de\/wp-content\/uploads\/2023\/09\/80c95397-96e9-491a-975f-a8f645466c4f-225x300.jpg\" alt=\"80c95397-96e9-491a-975f-a8f645466c4f\" \/><\/figure><\/a><\/div><div class=\"swiper-slide\" role=\"group\" aria-roledescription=\"slide\" aria-label=\"11 von 16\"><a data-elementor-open-lightbox=\"yes\" data-elementor-lightbox-slideshow=\"83f7f05\" data-e-action-hash=\"#elementor-action%3Aaction%3Dlightbox%26settings%3DeyJpZCI6OTE1LCJ1cmwiOiJodHRwczpcL1wvcGFzaXQtdGhhaW1hc3NhZ2UuZGVcL3dwLWNvbnRlbnRcL3VwbG9hZHNcLzIwMjNcLzA5XC81MTE1OWUxYS0xMWYyLTQwNmQtOWE0Yy1hNWZkOTJmOGY2YWEuanBnIiwic2xpZGVzaG93IjoiODNmN2YwNSJ9\" href=\"https:\/\/pasit-thaimassage.de\/wp-content\/uploads\/2023\/09\/51159e1a-11f2-406d-9a4c-a5fd92f8f6aa.jpg\"><figure class=\"swiper-slide-inner\"><img decoding=\"async\" class=\"swiper-slide-image\" src=\"https:\/\/pasit-thaimassage.de\/wp-content\/uploads\/2023\/09\/51159e1a-11f2-406d-9a4c-a5fd92f8f6aa-225x300.jpg\" alt=\"51159e1a-11f2-406d-9a4c-a5fd92f8f6aa\" \/><\/figure><\/a><\/div><div class=\"swiper-slide\" role=\"group\" aria-roledescription=\"slide\" aria-label=\"12 von 16\"><a data-elementor-open-lightbox=\"yes\" data-elementor-lightbox-slideshow=\"83f7f05\" data-e-action-hash=\"#elementor-action%3Aaction%3Dlightbox%26settings%3DeyJpZCI6OTE2LCJ1cmwiOiJodHRwczpcL1wvcGFzaXQtdGhhaW1hc3NhZ2UuZGVcL3dwLWNvbnRlbnRcL3VwbG9hZHNcLzIwMjNcLzA5XC82NTM3OTk1YS0yNTMwLTQ3ZmMtYjgyOC1lMjAyMTlhYjhkM2EuanBnIiwic2xpZGVzaG93IjoiODNmN2YwNSJ9\" href=\"https:\/\/pasit-thaimassage.de\/wp-content\/uploads\/2023\/09\/6537995a-2530-47fc-b828-e20219ab8d3a.jpg\"><figure class=\"swiper-slide-inner\"><img decoding=\"async\" class=\"swiper-slide-image\" src=\"https:\/\/pasit-thaimassage.de\/wp-content\/uploads\/2023\/09\/6537995a-2530-47fc-b828-e20219ab8d3a-225x300.jpg\" alt=\"6537995a-2530-47fc-b828-e20219ab8d3a\" \/><\/figure><\/a><\/div><div class=\"swiper-slide\" role=\"group\" aria-roledescription=\"slide\" aria-label=\"13 von 16\"><a data-elementor-open-lightbox=\"yes\" data-elementor-lightbox-slideshow=\"83f7f05\" data-e-action-hash=\"#elementor-action%3Aaction%3Dlightbox%26settings%3DeyJpZCI6OTE3LCJ1cmwiOiJodHRwczpcL1wvcGFzaXQtdGhhaW1hc3NhZ2UuZGVcL3dwLWNvbnRlbnRcL3VwbG9hZHNcLzIwMjNcLzA5XC9jMDBiODUxYi01YjQ3LTQ1MWUtYmQyNi04OWExOWQxMzY3NjkuanBnIiwic2xpZGVzaG93IjoiODNmN2YwNSJ9\" href=\"https:\/\/pasit-thaimassage.de\/wp-content\/uploads\/2023\/09\/c00b851b-5b47-451e-bd26-89a19d136769.jpg\"><figure class=\"swiper-slide-inner\"><img decoding=\"async\" class=\"swiper-slide-image\" src=\"https:\/\/pasit-thaimassage.de\/wp-content\/uploads\/2023\/09\/c00b851b-5b47-451e-bd26-89a19d136769-225x300.jpg\" alt=\"c00b851b-5b47-451e-bd26-89a19d136769\" \/><\/figure><\/a><\/div><div class=\"swiper-slide\" role=\"group\" aria-roledescription=\"slide\" aria-label=\"14 von 16\"><a data-elementor-open-lightbox=\"yes\" data-elementor-lightbox-slideshow=\"83f7f05\" data-e-action-hash=\"#elementor-action%3Aaction%3Dlightbox%26settings%3DeyJpZCI6OTE4LCJ1cmwiOiJodHRwczpcL1wvcGFzaXQtdGhhaW1hc3NhZ2UuZGVcL3dwLWNvbnRlbnRcL3VwbG9hZHNcLzIwMjNcLzA5XC9kMDg4MTI5NS03OThiLTQ5NTQtYjY0MS05MmY0ZmJkNDgwMzAuanBnIiwic2xpZGVzaG93IjoiODNmN2YwNSJ9\" href=\"https:\/\/pasit-thaimassage.de\/wp-content\/uploads\/2023\/09\/d0881295-798b-4954-b641-92f4fbd48030.jpg\"><figure class=\"swiper-slide-inner\"><img decoding=\"async\" class=\"swiper-slide-image\" src=\"https:\/\/pasit-thaimassage.de\/wp-content\/uploads\/2023\/09\/d0881295-798b-4954-b641-92f4fbd48030-225x300.jpg\" alt=\"d0881295-798b-4954-b641-92f4fbd48030\" \/><\/figure><\/a><\/div><div class=\"swiper-slide\" role=\"group\" aria-roledescription=\"slide\" aria-label=\"15 von 16\"><a data-elementor-open-lightbox=\"yes\" data-elementor-lightbox-slideshow=\"83f7f05\" data-e-action-hash=\"#elementor-action%3Aaction%3Dlightbox%26settings%3DeyJpZCI6OTE5LCJ1cmwiOiJodHRwczpcL1wvcGFzaXQtdGhhaW1hc3NhZ2UuZGVcL3dwLWNvbnRlbnRcL3VwbG9hZHNcLzIwMjNcLzA5XC9lYzJlZGE5Mi1hOTI1LTQ1OTQtYTZiZi1mMGUwNjY1OWZhNTIuanBnIiwic2xpZGVzaG93IjoiODNmN2YwNSJ9\" href=\"https:\/\/pasit-thaimassage.de\/wp-content\/uploads\/2023\/09\/ec2eda92-a925-4594-a6bf-f0e06659fa52.jpg\"><figure class=\"swiper-slide-inner\"><img decoding=\"async\" class=\"swiper-slide-image\" src=\"https:\/\/pasit-thaimassage.de\/wp-content\/uploads\/2023\/09\/ec2eda92-a925-4594-a6bf-f0e06659fa52-225x300.jpg\" alt=\"ec2eda92-a925-4594-a6bf-f0e06659fa52\" \/><\/figure><\/a><\/div><div class=\"swiper-slide\" role=\"group\" aria-roledescription=\"slide\" aria-label=\"16 von 16\"><a data-elementor-open-lightbox=\"yes\" data-elementor-lightbox-slideshow=\"83f7f05\" data-e-action-hash=\"#elementor-action%3Aaction%3Dlightbox%26settings%3DeyJpZCI6OTIwLCJ1cmwiOiJodHRwczpcL1wvcGFzaXQtdGhhaW1hc3NhZ2UuZGVcL3dwLWNvbnRlbnRcL3VwbG9hZHNcLzIwMjNcLzA5XC9lZmNmOWNlZi00OTRmLTRjZjQtYWU4Zi1lMzk1NzdiN2I4ZGMuanBnIiwic2xpZGVzaG93IjoiODNmN2YwNSJ9\" href=\"https:\/\/pasit-thaimassage.de\/wp-content\/uploads\/2023\/09\/efcf9cef-494f-4cf4-ae8f-e39577b7b8dc.jpg\"><figure class=\"swiper-slide-inner\"><img decoding=\"async\" class=\"swiper-slide-image\" src=\"https:\/\/pasit-thaimassage.de\/wp-content\/uploads\/2023\/09\/efcf9cef-494f-4cf4-ae8f-e39577b7b8dc-225x300.jpg\" alt=\"efcf9cef-494f-4cf4-ae8f-e39577b7b8dc\" \/><\/figure><\/a><\/div>\t\t\t<\/div>\n\t\t\t\t\t\t\t\t\t\t\t\t<div class=\"elementor-swiper-button elementor-swiper-button-prev\" role=\"button\" tabindex=\"0\">\n\t\t\t\t\t\t<i aria-hidden=\"true\" class=\"eicon-chevron-left\"><\/i>\t\t\t\t\t<\/div>\n\t\t\t\t\t<div class=\"elementor-swiper-button elementor-swiper-button-next\" role=\"button\" tabindex=\"0\">\n\t\t\t\t\t\t<i aria-hidden=\"true\" class=\"eicon-chevron-right\"><\/i>\t\t\t\t\t<\/div>\n\t\t\t\t\n\t\t\t\t\t\t\t\t\t<div class=\"swiper-pagination\"><\/div>\n\t\t\t\t\t\t\t\t\t<\/div>\n\t\t\t\t\t\t<\/div>\n\t\t\t\t<\/div>\n\t\t\t\t\t<\/div>\n\t\t<\/div>\n\t\t\t\t\t<\/div>\n\t\t<\/section>\n\t\t\t\t<\/div>\n\t\t","protected":false},"excerpt":{"rendered":"<p>Unsere Masseurinnen haben ihr Handwerk in anerkannten Schulen wie z.B. Wat Pho in Bangkok gelernt, der bekanntesten Massageschule Thailands. Alle verf\u00fcgen \u00fcber langj\u00e4hrige Erfahrung, und Weiterbildung wird nat\u00fcrlich ebenfalls Gro\u00df geschrieben. Und hier eine kleine Galerie von unseren R\u00e4umlichkeiten:<\/p>\n","protected":false},"author":1,"featured_media":0,"parent":0,"menu_order":0,"comment_status":"closed","ping_status":"open","template":"","meta":{"footnotes":""},"class_list":["post-2","page","type-page","status-publish","hentry","entry"],"_links":{"self":[{"href":"https:\/\/pasit-thaimassage.de\/index.php?rest_route=\/wp\/v2\/pages\/2","targetHints":{"allow":["GET"]}}],"collection":[{"href":"https:\/\/pasit-thaimassage.de\/index.php?rest_route=\/wp\/v2\/pages"}],"about":[{"href":"https:\/\/pasit-thaimassage.de\/index.php?rest_route=\/wp\/v2\/types\/page"}],"author":[{"embeddable":true,"href":"https:\/\/pasit-thaimassage.de\/index.php?rest_route=\/wp\/v2\/users\/1"}],"replies":[{"embeddable":true,"href":"https:\/\/pasit-thaimassage.de\/index.php?rest_route=%2Fwp%2Fv2%2Fcomments&post=2"}],"version-history":[{"count":67,"href":"https:\/\/pasit-thaimassage.de\/index.php?rest_route=\/wp\/v2\/pages\/2\/revisions"}],"predecessor-version":[{"id":1082,"href":"https:\/\/pasit-thaimassage.de\/index.php?rest_route=\/wp\/v2\/pages\/2\/revisions\/1082"}],"wp:attachment":[{"href":"https:\/\/pasit-thaimassage.de\/index.php?rest_route=%2Fwp%2Fv2%2Fmedia&parent=2"}],"curies":[{"name":"wp","href":"https:\/\/api.w.org\/{rel}","templated":true}]}}